{"id":1737,"date":"2024-07-15T10:07:10","date_gmt":"2024-07-15T08:07:10","guid":{"rendered":"https:\/\/plastmed.malinowy.it\/?page_id=1737"},"modified":"2024-10-22T18:24:22","modified_gmt":"2024-10-22T16:24:22","slug":"cennik","status":"publish","type":"page","link":"https:\/\/plastmed.malinowy.it\/?page_id=1737","title":{"rendered":"Cennik"},"content":{"rendered":"\t\t<div data-elementor-type=\"wp-page\" data-elementor-id=\"1737\" class=\"elementor elementor-1737\">\n\t\t\t\t<div class=\"elementor-element elementor-element-0d9dcf9 e-flex e-con-boxed e-con e-parent\" data-id=\"0d9dcf9\" data-element_type=\"container\" data-settings=\"{&quot;background_background&quot;:&quot;classic&quot;}\" data-core-v316-plus=\"true\">\n\t\t\t\t\t<div class=\"e-con-inner\">\n\t\t<div class=\"elementor-element elementor-element-e3d0853 e-con-full e-flex e-con e-child\" data-id=\"e3d0853\" data-element_type=\"container\">\n\t\t\t\t<div class=\"elementor-element elementor-element-eb6d120 elementor-widget elementor-widget-heading\" data-id=\"eb6d120\" data-element_type=\"widget\" data-widget_type=\"heading.default\">\n\t\t\t\t<div class=\"elementor-widget-container\">\n\t\t\t<style>\/*! elementor - v3.20.0 - 26-03-2024 *\/\n.elementor-heading-title{padding:0;margin:0;line-height:1}.elementor-widget-heading .elementor-heading-title[class*=elementor-size-]>a{color:inherit;font-size:inherit;line-height:inherit}.elementor-widget-heading .elementor-heading-title.elementor-size-small{font-size:15px}.elementor-widget-heading .elementor-heading-title.elementor-size-medium{font-size:19px}.elementor-widget-heading .elementor-heading-title.elementor-size-large{font-size:29px}.elementor-widget-heading .elementor-heading-title.elementor-size-xl{font-size:39px}.elementor-widget-heading .elementor-heading-title.elementor-size-xxl{font-size:59px}<\/style><h2 class=\"elementor-heading-title elementor-size-default\">Cennik<\/h2>\t\t<\/div>\n\t\t\t\t<\/div>\n\t\t\t\t<div class=\"elementor-element elementor-element-839b4ec elementor-widget-divider--view-line elementor-widget elementor-widget-divider\" data-id=\"839b4ec\" data-element_type=\"widget\" data-widget_type=\"divider.default\">\n\t\t\t\t<div class=\"elementor-widget-container\">\n\t\t\t<style>\/*! elementor - v3.20.0 - 26-03-2024 *\/\n.elementor-widget-divider{--divider-border-style:none;--divider-border-width:1px;--divider-color:#0c0d0e;--divider-icon-size:20px;--divider-element-spacing:10px;--divider-pattern-height:24px;--divider-pattern-size:20px;--divider-pattern-url:none;--divider-pattern-repeat:repeat-x}.elementor-widget-divider .elementor-divider{display:flex}.elementor-widget-divider .elementor-divider__text{font-size:15px;line-height:1;max-width:95%}.elementor-widget-divider .elementor-divider__element{margin:0 var(--divider-element-spacing);flex-shrink:0}.elementor-widget-divider .elementor-icon{font-size:var(--divider-icon-size)}.elementor-widget-divider .elementor-divider-separator{display:flex;margin:0;direction:ltr}.elementor-widget-divider--view-line_icon .elementor-divider-separator,.elementor-widget-divider--view-line_text .elementor-divider-separator{align-items:center}.elementor-widget-divider--view-line_icon .elementor-divider-separator:after,.elementor-widget-divider--view-line_icon .elementor-divider-separator:before,.elementor-widget-divider--view-line_text .elementor-divider-separator:after,.elementor-widget-divider--view-line_text .elementor-divider-separator:before{display:block;content:\"\";border-block-end:0;flex-grow:1;border-block-start:var(--divider-border-width) var(--divider-border-style) var(--divider-color)}.elementor-widget-divider--element-align-left .elementor-divider .elementor-divider-separator>.elementor-divider__svg:first-of-type{flex-grow:0;flex-shrink:100}.elementor-widget-divider--element-align-left .elementor-divider-separator:before{content:none}.elementor-widget-divider--element-align-left .elementor-divider__element{margin-left:0}.elementor-widget-divider--element-align-right .elementor-divider .elementor-divider-separator>.elementor-divider__svg:last-of-type{flex-grow:0;flex-shrink:100}.elementor-widget-divider--element-align-right .elementor-divider-separator:after{content:none}.elementor-widget-divider--element-align-right .elementor-divider__element{margin-right:0}.elementor-widget-divider--element-align-start .elementor-divider .elementor-divider-separator>.elementor-divider__svg:first-of-type{flex-grow:0;flex-shrink:100}.elementor-widget-divider--element-align-start .elementor-divider-separator:before{content:none}.elementor-widget-divider--element-align-start .elementor-divider__element{margin-inline-start:0}.elementor-widget-divider--element-align-end .elementor-divider .elementor-divider-separator>.elementor-divider__svg:last-of-type{flex-grow:0;flex-shrink:100}.elementor-widget-divider--element-align-end .elementor-divider-separator:after{content:none}.elementor-widget-divider--element-align-end .elementor-divider__element{margin-inline-end:0}.elementor-widget-divider:not(.elementor-widget-divider--view-line_text):not(.elementor-widget-divider--view-line_icon) .elementor-divider-separator{border-block-start:var(--divider-border-width) var(--divider-border-style) var(--divider-color)}.elementor-widget-divider--separator-type-pattern{--divider-border-style:none}.elementor-widget-divider--separator-type-pattern.elementor-widget-divider--view-line .elementor-divider-separator,.elementor-widget-divider--separator-type-pattern:not(.elementor-widget-divider--view-line) .elementor-divider-separator:after,.elementor-widget-divider--separator-type-pattern:not(.elementor-widget-divider--view-line) .elementor-divider-separator:before,.elementor-widget-divider--separator-type-pattern:not([class*=elementor-widget-divider--view]) .elementor-divider-separator{width:100%;min-height:var(--divider-pattern-height);-webkit-mask-size:var(--divider-pattern-size) 100%;mask-size:var(--divider-pattern-size) 100%;-webkit-mask-repeat:var(--divider-pattern-repeat);mask-repeat:var(--divider-pattern-repeat);background-color:var(--divider-color);-webkit-mask-image:var(--divider-pattern-url);mask-image:var(--divider-pattern-url)}.elementor-widget-divider--no-spacing{--divider-pattern-size:auto}.elementor-widget-divider--bg-round{--divider-pattern-repeat:round}.rtl .elementor-widget-divider .elementor-divider__text{direction:rtl}.e-con-inner>.elementor-widget-divider,.e-con>.elementor-widget-divider{width:var(--container-widget-width,100%);--flex-grow:var(--container-widget-flex-grow)}<\/style>\t\t<div class=\"elementor-divider\">\n\t\t\t<span class=\"elementor-divider-separator\">\n\t\t\t\t\t\t<\/span>\n\t\t<\/div>\n\t\t\t\t<\/div>\n\t\t\t\t<\/div>\n\t\t\t\t<\/div>\n\t\t\t\t\t<\/div>\n\t\t\t\t<\/div>\n\t\t<div class=\"elementor-element elementor-element-38559b4 e-flex e-con-boxed e-con e-parent\" data-id=\"38559b4\" data-element_type=\"container\" data-settings=\"{&quot;background_background&quot;:&quot;classic&quot;}\" data-core-v316-plus=\"true\">\n\t\t\t\t\t<div class=\"e-con-inner\">\n\t\t\t\t<div class=\"elementor-element elementor-element-e6c791f elementor-widget-divider--view-line elementor-widget elementor-widget-divider\" data-id=\"e6c791f\" data-element_type=\"widget\" data-widget_type=\"divider.default\">\n\t\t\t\t<div class=\"elementor-widget-container\">\n\t\t\t\t\t<div class=\"elementor-divider\">\n\t\t\t<span class=\"elementor-divider-separator\">\n\t\t\t\t\t\t<\/span>\n\t\t<\/div>\n\t\t\t\t<\/div>\n\t\t\t\t<\/div>\n\t\t\t\t<div class=\"elementor-element elementor-element-45b32f8 elementor-widget elementor-widget-shortcode\" data-id=\"45b32f8\" data-element_type=\"widget\" data-widget_type=\"shortcode.default\">\n\t\t\t\t<div class=\"elementor-widget-container\">\n\t\t\t\t\t<div class=\"elementor-shortcode\"> <div id=\"wprpl_display\">\n    <h3 class=\"wprpl_categoryTitle\">Cennik konsultacji<\/h3><\/div><div id=\"wprpl_display\">\n    \n    <div class=\"wprpl_row \">\n\n        <div class=\"wprpl_item\">\n            <span class=\"wprpl_title\">Konsultacja partnerska<\/span><br>\n            \n\n\n        <\/div>\n                                    <div class=\"wprpl_price\">\n                                                            <span class=\"wprpl_currency\"><\/span>\n                                <span class='wprpl_numb'>160,00<\/span>                                    \n                        <\/div>\n                            \n    <\/div>\n    <\/div><div id=\"wprpl_display\">\n    \n    <div class=\"wprpl_row \">\n\n        <div class=\"wprpl_item\">\n            <span class=\"wprpl_title\">Konsultacja ginekologiczna\/po\u0142o\u017cnicza<\/span><br>\n            \n\n\n        <\/div>\n                                    <div class=\"wprpl_price\">\n                                                            <span class=\"wprpl_currency\"><\/span>\n                                <span class='wprpl_numb'>140,00<\/span>                                    \n                        <\/div>\n                            \n    <\/div>\n    <\/div><div id=\"wprpl_display\">\n    \n    <div class=\"wprpl_row \">\n\n        <div class=\"wprpl_item\">\n            <span class=\"wprpl_title\">Konsultacja neurochirurgiczna<\/span><br>\n            \n\n\n        <\/div>\n                                    <div class=\"wprpl_price\">\n                                                            <span class=\"wprpl_currency\"><\/span>\n                                <span class='wprpl_numb'>450,00<\/span>                                    \n                        <\/div>\n                            \n    <\/div>\n    <\/div><div id=\"wprpl_display\">\n    \n    <div class=\"wprpl_row \">\n\n        <div class=\"wprpl_item\">\n            <span class=\"wprpl_title\">Konsultacja onkologiczna<\/span><br>\n            \n\n\n        <\/div>\n                                    <div class=\"wprpl_price\">\n                                                            <span class=\"wprpl_currency\"><\/span>\n                                <span class='wprpl_numb'>250,00<\/span>                                    \n                        <\/div>\n                            \n    <\/div>\n    <\/div><div id=\"wprpl_display\">\n    \n    <div class=\"wprpl_row \">\n\n        <div class=\"wprpl_item\">\n            <span class=\"wprpl_title\">Konsultacja hematologiczna z USG<\/span><br>\n            \n\n\n        <\/div>\n                                    <div class=\"wprpl_price\">\n                                                            <span class=\"wprpl_currency\"><\/span>\n                                <span class='wprpl_numb'>400,00<\/span>                                    \n                        <\/div>\n                            \n    <\/div>\n    <\/div><div id=\"wprpl_display\">\n    \n    <div class=\"wprpl_row \">\n\n        <div class=\"wprpl_item\">\n            <span class=\"wprpl_title\">Konsultacja kardiologiczna<\/span><br>\n            \n\n\n        <\/div>\n                                    <div class=\"wprpl_price\">\n                                                            <span class=\"wprpl_currency\"><\/span>\n                                <span class='wprpl_numb'>200,00<\/span>                                    \n                        <\/div>\n                            \n    <\/div>\n    <\/div><div id=\"wprpl_display\">\n    \n    <div class=\"wprpl_row \">\n\n        <div class=\"wprpl_item\">\n            <span class=\"wprpl_title\">Konsultacja urologiczna<\/span><br>\n            \n\n\n        <\/div>\n                                    <div class=\"wprpl_price\">\n                                                            <span class=\"wprpl_currency\"><\/span>\n                                <span class='wprpl_numb'>300,00<\/span>                                    \n                        <\/div>\n                            \n    <\/div>\n    <\/div><div id=\"wprpl_display\">\n    <h3 class=\"wprpl_categoryTitle\">Zabiegi ginekologiczne w leczeniu niep\u0142odno\u015bci<\/h3><\/div><div id=\"wprpl_display\">\n    \n    <div class=\"wprpl_row \">\n\n        <div class=\"wprpl_item\">\n            <span class=\"wprpl_title\">Inseminacja domaciczna<\/span><br>\n            \n\n\n        <\/div>\n                                    <div class=\"wprpl_price\">\n                                                            <span class=\"wprpl_currency\"><\/span>\n                                <span class='wprpl_numb'>500,00<\/span>                                    \n                        <\/div>\n                            \n    <\/div>\n    <\/div><div id=\"wprpl_display\">\n    \n    <div class=\"wprpl_row \">\n\n        <div class=\"wprpl_item\">\n            <span class=\"wprpl_title\">Badanie nasienia<\/span><br>\n            \n\n\n        <\/div>\n                                    <div class=\"wprpl_price\">\n                                                            <span class=\"wprpl_currency\"><\/span>\n                                <span class='wprpl_numb'>140,00<\/span>                                    \n                        <\/div>\n                            \n    <\/div>\n    <\/div><div id=\"wprpl_display\">\n    <h3 class=\"wprpl_categoryTitle\">Pozosta\u0142e<\/h3><\/div><div id=\"wprpl_display\">\n    \n    <div class=\"wprpl_row \">\n\n        <div class=\"wprpl_item\">\n            <span class=\"wprpl_title\">Badania genetyczne<\/span><br>\n            <span class=\"wprpl_descr\">wg szczeg\u00f3\u0142owego cennika w rejestracji<\/span>\n\n\n        <\/div>\n                    \n    <\/div>\n    <\/div><div id=\"wprpl_display\">\n    \n    <div class=\"wprpl_row \">\n\n        <div class=\"wprpl_item\">\n            <span class=\"wprpl_title\">Badanie kariotypu<\/span><br>\n            <span class=\"wprpl_descr\">wg cennika w rejestracji<\/span>\n\n\n        <\/div>\n                    \n    <\/div>\n    <\/div><div id=\"wprpl_display\">\n    \n    <div class=\"wprpl_row \">\n\n        <div class=\"wprpl_item\">\n            <span class=\"wprpl_title\">Cytologia zwyk\u0142a<\/span><br>\n            \n\n\n        <\/div>\n                                    <div class=\"wprpl_price\">\n                                                            <span class=\"wprpl_currency\"><\/span>\n                                <span class='wprpl_numb'>60,00<\/span>                                    \n                        <\/div>\n                            \n    <\/div>\n    <\/div><div id=\"wprpl_display\">\n    \n    <div class=\"wprpl_row \">\n\n        <div class=\"wprpl_item\">\n            <span class=\"wprpl_title\">Cytologia p\u0142ynna<\/span><br>\n            \n\n\n        <\/div>\n                                    <div class=\"wprpl_price\">\n                                                            <span class=\"wprpl_currency\"><\/span>\n                                <span class='wprpl_numb'>100,00<\/span>                                    \n                        <\/div>\n                            \n    <\/div>\n    <\/div><div id=\"wprpl_display\">\n    \n    <div class=\"wprpl_row \">\n\n        <div class=\"wprpl_item\">\n            <span class=\"wprpl_title\">Badanie sono-HSG z konsultacj\u0105<\/span><br>\n            \n\n\n        <\/div>\n                                    <div class=\"wprpl_price\">\n                                                            <span class=\"wprpl_currency\"><\/span>\n                                <span class='wprpl_numb'>280,00<\/span>                                    \n                        <\/div>\n                            \n    <\/div>\n    <\/div><div id=\"wprpl_display\">\n    \n    <div class=\"wprpl_row \">\n\n        <div class=\"wprpl_item\">\n            <span class=\"wprpl_title\">Badanie KTG<\/span><br>\n            \n\n\n        <\/div>\n                                    <div class=\"wprpl_price\">\n                                                            <span class=\"wprpl_currency\"><\/span>\n                                <span class='wprpl_numb'>60,00<\/span>                                    \n                        <\/div>\n                            \n    <\/div>\n    <\/div><div id=\"wprpl_display\">\n    \n    <div class=\"wprpl_row \">\n\n        <div class=\"wprpl_item\">\n            <span class=\"wprpl_title\">Za\u0142o\u017cenie wk\u0142adki wewn\u0105trzmacicznej<\/span><br>\n            \n\n\n        <\/div>\n                                    <div class=\"wprpl_price\">\n                                                            <span class=\"wprpl_currency\"><\/span>\n                                <span class='wprpl_numb'>500,00<\/span>                                    \n                        <\/div>\n                            \n    <\/div>\n    <\/div><div id=\"wprpl_display\">\n    \n    <div class=\"wprpl_row \">\n\n        <div class=\"wprpl_item\">\n            <span class=\"wprpl_title\">Za\u0142o\u017cenie pessara u ci\u0119\u017carnej wraz z pessarem<\/span><br>\n            \n\n\n        <\/div>\n                                    <div class=\"wprpl_price\">\n                                                            <span class=\"wprpl_currency\"><\/span>\n                                <span class='wprpl_numb'>200,00<\/span>                                    \n                        <\/div>\n                            \n    <\/div>\n    <\/div><div id=\"wprpl_display\">\n    \n    <div class=\"wprpl_row \">\n\n        <div class=\"wprpl_item\">\n            <span class=\"wprpl_title\">Za\u0142o\u017cenie kr\u0105\u017cka w zaburzeniach statyki narz\u0105du rodnego<\/span><br>\n            \n\n\n        <\/div>\n                                    <div class=\"wprpl_price\">\n                                                            <span class=\"wprpl_currency\"><\/span>\n                                <span class='wprpl_numb'>100,00<\/span>                                    \n                        <\/div>\n                            \n    <\/div>\n    <\/div><div id=\"wprpl_display\">\n    \n    <div class=\"wprpl_row \">\n\n        <div class=\"wprpl_item\">\n            <span class=\"wprpl_title\">Pobranie wycinka do badania histopatologicznego<\/span><br>\n            \n\n\n        <\/div>\n                                    <div class=\"wprpl_price\">\n                                                            <span class=\"wprpl_currency\"><\/span>\n                                <span class='wprpl_numb'>150,00<\/span>                                    \n                        <\/div>\n                            \n    <\/div>\n    <\/div><div id=\"wprpl_display\">\n    \n    <div class=\"wprpl_row \">\n\n        <div class=\"wprpl_item\">\n            <span class=\"wprpl_title\">Badanie histopatologiczne<\/span><br>\n            \n\n\n        <\/div>\n                                    <div class=\"wprpl_price\">\n                                                            <span class=\"wprpl_currency\"><\/span>\n                                <span class='wprpl_numb'>70,00<\/span>                                    \n                        <\/div>\n                            \n    <\/div>\n    <\/div><div id=\"wprpl_display\">\n    \n    <div class=\"wprpl_row \">\n\n        <div class=\"wprpl_item\">\n            <span class=\"wprpl_title\">Badanie USG ginekologiczne<\/span><br>\n            <span class=\"wprpl_descr\">koszt pomi\u0119dzy 30,00 - 60,00<\/span>\n\n\n        <\/div>\n                                    <div class=\"wprpl_price\">\n                                                            <span class=\"wprpl_currency\"><\/span>\n                                <span class='wprpl_numb'>30,00<\/span>                                    \n                        <\/div>\n                            \n    <\/div>\n    <\/div><div id=\"wprpl_display\">\n    \n    <div class=\"wprpl_row \">\n\n        <div class=\"wprpl_item\">\n            <span class=\"wprpl_title\">Badanie USG po\u0142o\u017cnicze<\/span><br>\n            \n\n\n        <\/div>\n                                    <div class=\"wprpl_price\">\n                                                            <span class=\"wprpl_currency\"><\/span>\n                                <span class='wprpl_numb'>60,00<\/span>                                    \n                        <\/div>\n                            \n    <\/div>\n    <\/div><div id=\"wprpl_display\">\n    \n    <div class=\"wprpl_row \">\n\n        <div class=\"wprpl_item\">\n            <span class=\"wprpl_title\">Do\u017cylna terapia niedoboru \u017celaza<\/span><br>\n            <span class=\"wprpl_descr\">wg cennika w rejestracji<\/span>\n\n\n        <\/div>\n                    \n    <\/div>\n    <\/div> <\/div>\n\t\t\t\t<\/div>\n\t\t\t\t<\/div>\n\t\t\t\t\t<\/div>\n\t\t\t\t<\/div>\n\t\t\t\t<\/div>\n\t\t","protected":false},"excerpt":{"rendered":"<p>Cennik<\/p>\n","protected":false},"author":1,"featured_media":0,"parent":0,"menu_order":0,"comment_status":"closed","ping_status":"closed","template":"","meta":{"site-sidebar-layout":"no-sidebar","site-content-layout":"page-builder","ast-site-content-layout":"full-width-container","site-content-style":"unboxed","site-sidebar-style":"unboxed","ast-global-header-display":"","ast-banner-title-visibility":"","ast-main-header-display":"","ast-hfb-above-header-display":"","ast-hfb-below-header-display":"","ast-hfb-mobile-header-display":"","site-post-title":"disabled","ast-breadcrumbs-content":"disabled","ast-featured-img":"disabled","footer-sml-layout":"","theme-transparent-header-meta":"enabled","adv-header-id-meta":"","stick-header-meta":"","header-above-stick-meta":"","header-main-stick-meta":"","header-below-stick-meta":"","astra-migrate-meta-layouts":"set","ast-page-background-enabled":"default","ast-page-background-meta":{"desktop":{"background-color":"var(--ast-global-color-4)","background-image":"","background-repeat":"repeat","background-position":"center center","background-size":"auto","background-attachment":"scroll","background-type":"","background-media":"","overlay-type":"","overlay-color":"","overlay-gradient":""},"tablet":{"background-color":"","background-image":"","background-repeat":"repeat","background-position":"center center","background-size":"auto","background-attachment":"scroll","background-type":"","background-media":"","overlay-type":"","overlay-color":"","overlay-gradient":""},"mobile":{"background-color":"","background-image":"","background-repeat":"repeat","background-position":"center center","background-size":"auto","background-attachment":"scroll","background-type":"","background-media":"","overlay-type":"","overlay-color":"","overlay-gradient":""}},"ast-content-background-meta":{"desktop":{"background-color":"var(--ast-global-color-5)","background-image":"","background-repeat":"repeat","background-position":"center center","background-size":"auto","background-attachment":"scroll","background-type":"","background-media":"","overlay-type":"","overlay-color":"","overlay-gradient":""},"tablet":{"background-color":"var(--ast-global-color-5)","background-image":"","background-repeat":"repeat","background-position":"center center","background-size":"auto","background-attachment":"scroll","background-type":"","background-media":"","overlay-type":"","overlay-color":"","overlay-gradient":""},"mobile":{"background-color":"var(--ast-global-color-5)","background-image":"","background-repeat":"repeat","background-position":"center center","background-size":"auto","background-attachment":"scroll","background-type":"","background-media":"","overlay-type":"","overlay-color":"","overlay-gradient":""}},"footnotes":""},"class_list":["post-1737","page","type-page","status-publish","hentry"],"_links":{"self":[{"href":"https:\/\/plastmed.malinowy.it\/index.php?rest_route=\/wp\/v2\/pages\/1737","targetHints":{"allow":["GET"]}}],"collection":[{"href":"https:\/\/plastmed.malinowy.it\/index.php?rest_route=\/wp\/v2\/pages"}],"about":[{"href":"https:\/\/plastmed.malinowy.it\/index.php?rest_route=\/wp\/v2\/types\/page"}],"author":[{"embeddable":true,"href":"https:\/\/plastmed.malinowy.it\/index.php?rest_route=\/wp\/v2\/users\/1"}],"replies":[{"embeddable":true,"href":"https:\/\/plastmed.malinowy.it\/index.php?rest_route=%2Fwp%2Fv2%2Fcomments&post=1737"}],"version-history":[{"count":28,"href":"https:\/\/plastmed.malinowy.it\/index.php?rest_route=\/wp\/v2\/pages\/1737\/revisions"}],"predecessor-version":[{"id":1860,"href":"https:\/\/plastmed.malinowy.it\/index.php?rest_route=\/wp\/v2\/pages\/1737\/revisions\/1860"}],"wp:attachment":[{"href":"https:\/\/plastmed.malinowy.it\/index.php?rest_route=%2Fwp%2Fv2%2Fmedia&parent=1737"}],"curies":[{"name":"wp","href":"https:\/\/api.w.org\/{rel}","templated":true}]}}